{"id":3995,"date":"2024-09-13T09:05:10","date_gmt":"2024-09-13T09:05:10","guid":{"rendered":"https:\/\/upledger.cfolks.pl\/?page_id=3995"},"modified":"2025-11-13T04:54:02","modified_gmt":"2025-11-13T04:54:02","slug":"indications","status":"publish","type":"page","link":"https:\/\/upledgerinstitute.pl\/en\/indications\/","title":{"rendered":"Indications"},"content":{"rendered":"<div data-elementor-type=\"wp-page\" data-elementor-id=\"3995\" class=\"elementor elementor-3995\" data-elementor-post-type=\"page\">\n\t\t\t\t<div class=\"elementor-element elementor-element-69456f62 e-flex e-con-boxed e-con e-parent\" data-id=\"69456f62\" data-element_type=\"container\" data-e-type=\"container\">\n\t\t\t\t\t<div class=\"e-con-inner\">\n\t\t<div class=\"elementor-element elementor-element-520a6d3a e-con-full e-flex e-con e-child\" data-id=\"520a6d3a\" data-element_type=\"container\" data-e-type=\"container\">\n\t\t\t\t<div class=\"elementor-element elementor-element-1cd52b8 elementor-widget elementor-widget-text-editor\" data-id=\"1cd52b8\" data-element_type=\"widget\" data-e-type=\"widget\" data-widget_type=\"text-editor.default\">\n\t\t\t\t<div class=\"elementor-widget-container\">\n\t\t\t\t\t\t\t\t\t<ul><li>headaches and dizziness<\/li><li>migraines<\/li><li>temporomandibular joint (TMJ) dysfunctions<\/li><li>sleep disorders<\/li><li>tinnitus, ringing in the ears<\/li><li>bruxism<\/li><li>pain in the face and oral cavity<\/li><li>orthodontic treatment<\/li><\/ul>\t\t\t\t\t\t\t\t<\/div>\n\t\t\t\t<\/div>\n\t\t\t\t<div class=\"elementor-element elementor-element-f436759 elementor-widget elementor-widget-heading\" data-id=\"f436759\" data-element_type=\"widget\" data-e-type=\"widget\" data-widget_type=\"heading.default\">\n\t\t\t\t<div class=\"elementor-widget-container\">\n\t\t\t\t\t<h1 class=\"elementor-heading-title elementor-size-default\">Indications<br> <span style=\"color:#8D8ECF;font-weight: bold\">for therapy<\/span><\/h1>\t\t\t\t<\/div>\n\t\t\t\t<\/div>\n\t\t\t\t<\/div>\n\t\t<div class=\"elementor-element elementor-element-2c496c92 e-con-full e-flex e-con e-child\" data-id=\"2c496c92\" data-element_type=\"container\" data-e-type=\"container\">\n\t\t\t\t<div class=\"elementor-element elementor-element-2a101aac e-transform e-transform elementor-widget elementor-widget-image\" data-id=\"2a101aac\" data-element_type=\"widget\" data-e-type=\"widget\" data-settings=\"{&quot;_transform_rotateZ_effect_hover&quot;:{&quot;unit&quot;:&quot;px&quot;,&quot;size&quot;:5,&quot;sizes&quot;:[]},&quot;_transform_scale_effect_hover&quot;:{&quot;unit&quot;:&quot;px&quot;,&quot;size&quot;:1.1,&quot;sizes&quot;:[]},&quot;_transform_rotateZ_effect_hover_laptop&quot;:{&quot;unit&quot;:&quot;deg&quot;,&quot;size&quot;:&quot;&quot;,&quot;sizes&quot;:[]},&quot;_transform_rotateZ_effect_hover_tablet&quot;:{&quot;unit&quot;:&quot;deg&quot;,&quot;size&quot;:&quot;&quot;,&quot;sizes&quot;:[]},&quot;_transform_rotateZ_effect_hover_mobile&quot;:{&quot;unit&quot;:&quot;deg&quot;,&quot;size&quot;:&quot;&quot;,&quot;sizes&quot;:[]},&quot;_transform_scale_effect_hover_laptop&quot;:{&quot;unit&quot;:&quot;px&quot;,&quot;size&quot;:&quot;&quot;,&quot;sizes&quot;:[]},&quot;_transform_scale_effect_hover_tablet&quot;:{&quot;unit&quot;:&quot;px&quot;,&quot;size&quot;:&quot;&quot;,&quot;sizes&quot;:[]},&quot;_transform_scale_effect_hover_mobile&quot;:{&quot;unit&quot;:&quot;px&quot;,&quot;size&quot;:&quot;&quot;,&quot;sizes&quot;:[]}}\" data-widget_type=\"image.default\">\n\t\t\t\t<div class=\"elementor-widget-container\">\n\t\t\t\t\t\t\t\t\t\t\t\t\t\t\t<img fetchpriority=\"high\" decoding=\"async\" width=\"547\" height=\"465\" src=\"https:\/\/upledgerinstitute.pl\/wp-content\/uploads\/2024\/09\/2delllllll-min.png\" class=\"attachment-medium_large size-medium_large wp-image-3996\" alt=\"indications cranio-sacral therapy\" srcset=\"https:\/\/upledgerinstitute.pl\/wp-content\/uploads\/2024\/09\/2delllllll-min.png 547w, https:\/\/upledgerinstitute.pl\/wp-content\/uploads\/2024\/09\/2delllllll-min-300x255.png 300w\" sizes=\"(max-width: 547px) 100vw, 547px\" \/>\t\t\t\t\t\t\t\t\t\t\t\t\t\t\t<\/div>\n\t\t\t\t<\/div>\n\t\t\t\t<\/div>\n\t\t\t\t\t<\/div>\n\t\t\t\t<\/div>\n\t\t<div class=\"elementor-element elementor-element-e8f2c81 e-flex e-con-boxed e-con e-parent\" data-id=\"e8f2c81\" data-element_type=\"container\" data-e-type=\"container\">\n\t\t\t\t\t<div class=\"e-con-inner\">\n\t\t<div class=\"elementor-element elementor-element-c9fd785 e-con-full e-flex e-con e-child\" data-id=\"c9fd785\" data-element_type=\"container\" data-e-type=\"container\">\n\t\t\t\t<div class=\"elementor-element elementor-element-ccc3cf8 e-transform e-transform elementor-widget elementor-widget-image\" data-id=\"ccc3cf8\" data-element_type=\"widget\" data-e-type=\"widget\" data-settings=\"{&quot;_transform_rotateZ_effect_hover&quot;:{&quot;unit&quot;:&quot;px&quot;,&quot;size&quot;:5,&quot;sizes&quot;:[]},&quot;_transform_scale_effect_hover&quot;:{&quot;unit&quot;:&quot;px&quot;,&quot;size&quot;:1.1,&quot;sizes&quot;:[]},&quot;_transform_rotateZ_effect_hover_laptop&quot;:{&quot;unit&quot;:&quot;deg&quot;,&quot;size&quot;:&quot;&quot;,&quot;sizes&quot;:[]},&quot;_transform_rotateZ_effect_hover_tablet&quot;:{&quot;unit&quot;:&quot;deg&quot;,&quot;size&quot;:&quot;&quot;,&quot;sizes&quot;:[]},&quot;_transform_rotateZ_effect_hover_mobile&quot;:{&quot;unit&quot;:&quot;deg&quot;,&quot;size&quot;:&quot;&quot;,&quot;sizes&quot;:[]},&quot;_transform_scale_effect_hover_laptop&quot;:{&quot;unit&quot;:&quot;px&quot;,&quot;size&quot;:&quot;&quot;,&quot;sizes&quot;:[]},&quot;_transform_scale_effect_hover_tablet&quot;:{&quot;unit&quot;:&quot;px&quot;,&quot;size&quot;:&quot;&quot;,&quot;sizes&quot;:[]},&quot;_transform_scale_effect_hover_mobile&quot;:{&quot;unit&quot;:&quot;px&quot;,&quot;size&quot;:&quot;&quot;,&quot;sizes&quot;:[]}}\" data-widget_type=\"image.default\">\n\t\t\t\t<div class=\"elementor-widget-container\">\n\t\t\t\t\t\t\t\t\t\t\t\t\t\t\t<img decoding=\"async\" width=\"483\" height=\"394\" src=\"https:\/\/upledgerinstitute.pl\/wp-content\/uploads\/2024\/09\/DSCF0276.png\" class=\"attachment-medium_large size-medium_large wp-image-4003\" alt=\"indications cranio-sacral therapy\" srcset=\"https:\/\/upledgerinstitute.pl\/wp-content\/uploads\/2024\/09\/DSCF0276.png 483w, https:\/\/upledgerinstitute.pl\/wp-content\/uploads\/2024\/09\/DSCF0276-300x245.png 300w\" sizes=\"(max-width: 483px) 100vw, 483px\" \/>\t\t\t\t\t\t\t\t\t\t\t\t\t\t\t<\/div>\n\t\t\t\t<\/div>\n\t\t\t\t<\/div>\n\t\t<div class=\"elementor-element elementor-element-129ebd1 e-con-full e-flex e-con e-child\" data-id=\"129ebd1\" data-element_type=\"container\" data-e-type=\"container\">\n\t\t\t\t<div class=\"elementor-element elementor-element-ca634e6 elementor-widget elementor-widget-text-editor\" data-id=\"ca634e6\" data-element_type=\"widget\" data-e-type=\"widget\" data-widget_type=\"text-editor.default\">\n\t\t\t\t<div class=\"elementor-widget-container\">\n\t\t\t\t\t\t\t\t\t<ul><li>spinal pain<\/li><li>limb pain<\/li><li>numbness and tingling<\/li><li>fibromyalgia<\/li><li>irritable bowel syndrome (IBS)<\/li><li>bloating, constipation, etc.<\/li><li>overweight, \"swelling\"<\/li><\/ul>\t\t\t\t\t\t\t\t<\/div>\n\t\t\t\t<\/div>\n\t\t\t\t<\/div>\n\t\t\t\t\t<\/div>\n\t\t\t\t<\/div>\n\t\t<div class=\"elementor-element elementor-element-b43d1a2 e-flex e-con-boxed e-con e-parent\" data-id=\"b43d1a2\" data-element_type=\"container\" data-e-type=\"container\">\n\t\t\t\t\t<div class=\"e-con-inner\">\n\t\t<div class=\"elementor-element elementor-element-eb534fd e-con-full e-flex e-con e-child\" data-id=\"eb534fd\" data-element_type=\"container\" data-e-type=\"container\">\n\t\t\t\t<div class=\"elementor-element elementor-element-58b0a22 elementor-widget elementor-widget-text-editor\" data-id=\"58b0a22\" data-element_type=\"widget\" data-e-type=\"widget\" data-widget_type=\"text-editor.default\">\n\t\t\t\t<div class=\"elementor-widget-container\">\n\t\t\t\t\t\t\t\t\t<ul><li>neuroses<\/li><li>concentration disorders<\/li><li>hyperactivity<\/li><li>stress, fatigue<\/li><li>personality disorders<\/li><li>chronic psychosis<\/li><li>depression<\/li><li>PTSD \u2013 post-traumatic stress disorder<\/li><\/ul>\t\t\t\t\t\t\t\t<\/div>\n\t\t\t\t<\/div>\n\t\t\t\t<\/div>\n\t\t<div class=\"elementor-element elementor-element-a69a60c e-con-full e-flex e-con e-child\" data-id=\"a69a60c\" data-element_type=\"container\" data-e-type=\"container\">\n\t\t\t\t<div class=\"elementor-element elementor-element-a1c38d6 e-transform e-transform elementor-widget elementor-widget-image\" data-id=\"a1c38d6\" data-element_type=\"widget\" data-e-type=\"widget\" data-settings=\"{&quot;_transform_rotateZ_effect_hover&quot;:{&quot;unit&quot;:&quot;px&quot;,&quot;size&quot;:5,&quot;sizes&quot;:[]},&quot;_transform_scale_effect_hover&quot;:{&quot;unit&quot;:&quot;px&quot;,&quot;size&quot;:1.1,&quot;sizes&quot;:[]},&quot;_transform_rotateZ_effect_hover_laptop&quot;:{&quot;unit&quot;:&quot;deg&quot;,&quot;size&quot;:&quot;&quot;,&quot;sizes&quot;:[]},&quot;_transform_rotateZ_effect_hover_tablet&quot;:{&quot;unit&quot;:&quot;deg&quot;,&quot;size&quot;:&quot;&quot;,&quot;sizes&quot;:[]},&quot;_transform_rotateZ_effect_hover_mobile&quot;:{&quot;unit&quot;:&quot;deg&quot;,&quot;size&quot;:&quot;&quot;,&quot;sizes&quot;:[]},&quot;_transform_scale_effect_hover_laptop&quot;:{&quot;unit&quot;:&quot;px&quot;,&quot;size&quot;:&quot;&quot;,&quot;sizes&quot;:[]},&quot;_transform_scale_effect_hover_tablet&quot;:{&quot;unit&quot;:&quot;px&quot;,&quot;size&quot;:&quot;&quot;,&quot;sizes&quot;:[]},&quot;_transform_scale_effect_hover_mobile&quot;:{&quot;unit&quot;:&quot;px&quot;,&quot;size&quot;:&quot;&quot;,&quot;sizes&quot;:[]}}\" data-widget_type=\"image.default\">\n\t\t\t\t<div class=\"elementor-widget-container\">\n\t\t\t\t\t\t\t\t\t\t\t\t\t\t\t<img decoding=\"async\" width=\"580\" height=\"484\" src=\"https:\/\/upledgerinstitute.pl\/wp-content\/uploads\/2024\/09\/DSCF0069.png\" class=\"attachment-medium_large size-medium_large wp-image-4004\" alt=\"indications cranio-sacral therapy\" srcset=\"https:\/\/upledgerinstitute.pl\/wp-content\/uploads\/2024\/09\/DSCF0069.png 580w, https:\/\/upledgerinstitute.pl\/wp-content\/uploads\/2024\/09\/DSCF0069-300x250.png 300w\" sizes=\"(max-width: 580px) 100vw, 580px\" \/>\t\t\t\t\t\t\t\t\t\t\t\t\t\t\t<\/div>\n\t\t\t\t<\/div>\n\t\t\t\t<\/div>\n\t\t\t\t\t<\/div>\n\t\t\t\t<\/div>\n\t\t<div class=\"elementor-element elementor-element-e8fb92e e-flex e-con-boxed e-con e-parent\" data-id=\"e8fb92e\" data-element_type=\"container\" data-e-type=\"container\">\n\t\t\t\t\t<div class=\"e-con-inner\">\n\t\t<div class=\"elementor-element elementor-element-2ca07e0 e-con-full e-flex e-con e-child\" data-id=\"2ca07e0\" data-element_type=\"container\" data-e-type=\"container\">\n\t\t\t\t<div class=\"elementor-element elementor-element-8454e5d e-transform e-transform elementor-widget elementor-widget-image\" data-id=\"8454e5d\" data-element_type=\"widget\" data-e-type=\"widget\" data-settings=\"{&quot;_transform_rotateZ_effect_hover&quot;:{&quot;unit&quot;:&quot;px&quot;,&quot;size&quot;:5,&quot;sizes&quot;:[]},&quot;_transform_scale_effect_hover&quot;:{&quot;unit&quot;:&quot;px&quot;,&quot;size&quot;:1.1,&quot;sizes&quot;:[]},&quot;_transform_rotateZ_effect_hover_laptop&quot;:{&quot;unit&quot;:&quot;deg&quot;,&quot;size&quot;:&quot;&quot;,&quot;sizes&quot;:[]},&quot;_transform_rotateZ_effect_hover_tablet&quot;:{&quot;unit&quot;:&quot;deg&quot;,&quot;size&quot;:&quot;&quot;,&quot;sizes&quot;:[]},&quot;_transform_rotateZ_effect_hover_mobile&quot;:{&quot;unit&quot;:&quot;deg&quot;,&quot;size&quot;:&quot;&quot;,&quot;sizes&quot;:[]},&quot;_transform_scale_effect_hover_laptop&quot;:{&quot;unit&quot;:&quot;px&quot;,&quot;size&quot;:&quot;&quot;,&quot;sizes&quot;:[]},&quot;_transform_scale_effect_hover_tablet&quot;:{&quot;unit&quot;:&quot;px&quot;,&quot;size&quot;:&quot;&quot;,&quot;sizes&quot;:[]},&quot;_transform_scale_effect_hover_mobile&quot;:{&quot;unit&quot;:&quot;px&quot;,&quot;size&quot;:&quot;&quot;,&quot;sizes&quot;:[]}}\" data-widget_type=\"image.default\">\n\t\t\t\t<div class=\"elementor-widget-container\">\n\t\t\t\t\t\t\t\t\t\t\t\t\t\t\t<img loading=\"lazy\" decoding=\"async\" width=\"547\" height=\"466\" src=\"https:\/\/upledgerinstitute.pl\/wp-content\/uploads\/2024\/09\/zas1-min.png\" class=\"attachment-medium_large size-medium_large wp-image-4005\" alt=\"indications cranio-sacral therapy\" srcset=\"https:\/\/upledgerinstitute.pl\/wp-content\/uploads\/2024\/09\/zas1-min.png 547w, https:\/\/upledgerinstitute.pl\/wp-content\/uploads\/2024\/09\/zas1-min-300x256.png 300w\" sizes=\"(max-width: 547px) 100vw, 547px\" \/>\t\t\t\t\t\t\t\t\t\t\t\t\t\t\t<\/div>\n\t\t\t\t<\/div>\n\t\t\t\t<\/div>\n\t\t<div class=\"elementor-element elementor-element-6d834e2 e-con-full e-flex e-con e-child\" data-id=\"6d834e2\" data-element_type=\"container\" data-e-type=\"container\">\n\t\t\t\t<div class=\"elementor-element elementor-element-426da38 elementor-widget elementor-widget-text-editor\" data-id=\"426da38\" data-element_type=\"widget\" data-e-type=\"widget\" data-widget_type=\"text-editor.default\">\n\t\t\t\t<div class=\"elementor-widget-container\">\n\t\t\t\t\t\t\t\t\t<ul><li>post-accident injuries<\/li><li>endocrine disorders<\/li><li>post-surgical disorders<\/li><li>brain and spinal cord injuries<\/li><li>after dental procedures<\/li><\/ul>\t\t\t\t\t\t\t\t<\/div>\n\t\t\t\t<\/div>\n\t\t\t\t<\/div>\n\t\t\t\t\t<\/div>\n\t\t\t\t<\/div>\n\t\t<div class=\"elementor-element elementor-element-e783c3c e-flex e-con-boxed e-con e-parent\" data-id=\"e783c3c\" data-element_type=\"container\" data-e-type=\"container\">\n\t\t\t\t\t<div class=\"e-con-inner\">\n\t\t<div class=\"elementor-element elementor-element-ab99a0b e-con-full e-flex e-con e-child\" data-id=\"ab99a0b\" data-element_type=\"container\" data-e-type=\"container\">\n\t\t\t\t<div class=\"elementor-element elementor-element-c83cfcc elementor-widget elementor-widget-text-editor\" data-id=\"c83cfcc\" data-element_type=\"widget\" data-e-type=\"widget\" data-widget_type=\"text-editor.default\">\n\t\t\t\t<div class=\"elementor-widget-container\">\n\t\t\t\t\t\t\t\t\t<ul>\n \t<li>colic in children<\/li>\n \t<li>autism spectrum disorders<\/li>\n \t<li>learning and memory problems<\/li>\n \t<li>dyslexia<\/li>\n \t<li>ADHD<\/li>\n<\/ul>\t\t\t\t\t\t\t\t<\/div>\n\t\t\t\t<\/div>\n\t\t\t\t<\/div>\n\t\t<div class=\"elementor-element elementor-element-f0a7dbf e-con-full e-flex e-con e-child\" data-id=\"f0a7dbf\" data-element_type=\"container\" data-e-type=\"container\">\n\t\t\t\t<div class=\"elementor-element elementor-element-0695602 e-transform e-transform elementor-widget elementor-widget-image\" data-id=\"0695602\" data-element_type=\"widget\" data-e-type=\"widget\" data-settings=\"{&quot;_transform_rotateZ_effect_hover&quot;:{&quot;unit&quot;:&quot;px&quot;,&quot;size&quot;:5,&quot;sizes&quot;:[]},&quot;_transform_scale_effect_hover&quot;:{&quot;unit&quot;:&quot;px&quot;,&quot;size&quot;:1.1,&quot;sizes&quot;:[]},&quot;_transform_rotateZ_effect_hover_laptop&quot;:{&quot;unit&quot;:&quot;deg&quot;,&quot;size&quot;:&quot;&quot;,&quot;sizes&quot;:[]},&quot;_transform_rotateZ_effect_hover_tablet&quot;:{&quot;unit&quot;:&quot;deg&quot;,&quot;size&quot;:&quot;&quot;,&quot;sizes&quot;:[]},&quot;_transform_rotateZ_effect_hover_mobile&quot;:{&quot;unit&quot;:&quot;deg&quot;,&quot;size&quot;:&quot;&quot;,&quot;sizes&quot;:[]},&quot;_transform_scale_effect_hover_laptop&quot;:{&quot;unit&quot;:&quot;px&quot;,&quot;size&quot;:&quot;&quot;,&quot;sizes&quot;:[]},&quot;_transform_scale_effect_hover_tablet&quot;:{&quot;unit&quot;:&quot;px&quot;,&quot;size&quot;:&quot;&quot;,&quot;sizes&quot;:[]},&quot;_transform_scale_effect_hover_mobile&quot;:{&quot;unit&quot;:&quot;px&quot;,&quot;size&quot;:&quot;&quot;,&quot;sizes&quot;:[]}}\" data-widget_type=\"image.default\">\n\t\t\t\t<div class=\"elementor-widget-container\">\n\t\t\t\t\t\t\t\t\t\t\t\t\t\t\t<img loading=\"lazy\" decoding=\"async\" width=\"547\" height=\"466\" src=\"https:\/\/upledgerinstitute.pl\/wp-content\/uploads\/2024\/09\/DSCF0188.png\" class=\"attachment-medium_large size-medium_large wp-image-4006\" alt=\"indications cranio-sacral therapy\" srcset=\"https:\/\/upledgerinstitute.pl\/wp-content\/uploads\/2024\/09\/DSCF0188.png 547w, https:\/\/upledgerinstitute.pl\/wp-content\/uploads\/2024\/09\/DSCF0188-300x256.png 300w\" sizes=\"(max-width: 547px) 100vw, 547px\" \/>\t\t\t\t\t\t\t\t\t\t\t\t\t\t\t<\/div>\n\t\t\t\t<\/div>\n\t\t\t\t<\/div>\n\t\t\t\t\t<\/div>\n\t\t\t\t<\/div>\n\t\t<div class=\"elementor-element elementor-element-356509b e-flex e-con-boxed e-con e-parent\" data-id=\"356509b\" data-element_type=\"container\" data-e-type=\"container\">\n\t\t\t\t\t<div class=\"e-con-inner\">\n\t\t<div class=\"elementor-element elementor-element-9db8433 e-con-full e-flex e-con e-child\" data-id=\"9db8433\" data-element_type=\"container\" data-e-type=\"container\">\n\t\t\t\t<div class=\"elementor-element elementor-element-499fb5c elementor-widget elementor-widget-text-editor\" data-id=\"499fb5c\" data-element_type=\"widget\" data-e-type=\"widget\" data-widget_type=\"text-editor.default\">\n\t\t\t\t<div class=\"elementor-widget-container\">\n\t\t\t\t\t\t\t\t\tUpledger <b>can be used for pregnant women<\/b> -it helps with back pain; autonomic symptoms, such as discomfort, nausea; feelings of abdominal pressure; joint pain, and headaches.\n\n<b>The therapy can be used as a supportive method in cases of coma, during cancer treatment, and in <a style=\"color: #8d8ecf;\" href=\"https:\/\/pl.wikipedia.org\/wiki\/Medycyna_paliatywna\" target=\"_blank\" rel=\"noopener\">palliative care<\/a>.<\/b>\t\t\t\t\t\t\t\t<\/div>\n\t\t\t\t<\/div>\n\t\t\t\t<\/div>\n\t\t\t\t\t<\/div>\n\t\t\t\t<\/div>\n\t\t<div class=\"elementor-element elementor-element-94d3235 e-flex e-con-boxed e-con e-parent\" data-id=\"94d3235\" data-element_type=\"container\" data-e-type=\"container\">\n\t\t\t\t\t<div class=\"e-con-inner\">\n\t\t<div class=\"elementor-element elementor-element-753a712 e-con-full e-flex e-con e-child\" data-id=\"753a712\" data-element_type=\"container\" data-e-type=\"container\">\n\t\t\t\t<\/div>\n\t\t\t\t\t<\/div>\n\t\t\t\t<\/div>\n\t\t<div class=\"elementor-element elementor-element-7f778b1 e-flex e-con-boxed e-con e-parent\" data-id=\"7f778b1\" data-element_type=\"container\" data-e-type=\"container\">\n\t\t\t\t\t<div class=\"e-con-inner\">\n\t\t<div class=\"elementor-element elementor-element-e0319fe e-con-full e-flex e-con e-child\" data-id=\"e0319fe\" data-element_type=\"container\" data-e-type=\"container\">\n\t\t\t\t<div class=\"elementor-element elementor-element-4121a3e e-transform e-transform elementor-widget elementor-widget-image\" data-id=\"4121a3e\" data-element_type=\"widget\" data-e-type=\"widget\" data-settings=\"{&quot;_transform_rotateZ_effect_hover&quot;:{&quot;unit&quot;:&quot;px&quot;,&quot;size&quot;:5,&quot;sizes&quot;:[]},&quot;_transform_scale_effect_hover&quot;:{&quot;unit&quot;:&quot;px&quot;,&quot;size&quot;:1.1,&quot;sizes&quot;:[]},&quot;_transform_rotateZ_effect_hover_laptop&quot;:{&quot;unit&quot;:&quot;deg&quot;,&quot;size&quot;:&quot;&quot;,&quot;sizes&quot;:[]},&quot;_transform_rotateZ_effect_hover_tablet&quot;:{&quot;unit&quot;:&quot;deg&quot;,&quot;size&quot;:&quot;&quot;,&quot;sizes&quot;:[]},&quot;_transform_rotateZ_effect_hover_mobile&quot;:{&quot;unit&quot;:&quot;deg&quot;,&quot;size&quot;:&quot;&quot;,&quot;sizes&quot;:[]},&quot;_transform_scale_effect_hover_laptop&quot;:{&quot;unit&quot;:&quot;px&quot;,&quot;size&quot;:&quot;&quot;,&quot;sizes&quot;:[]},&quot;_transform_scale_effect_hover_tablet&quot;:{&quot;unit&quot;:&quot;px&quot;,&quot;size&quot;:&quot;&quot;,&quot;sizes&quot;:[]},&quot;_transform_scale_effect_hover_mobile&quot;:{&quot;unit&quot;:&quot;px&quot;,&quot;size&quot;:&quot;&quot;,&quot;sizes&quot;:[]}}\" data-widget_type=\"image.default\">\n\t\t\t\t<div class=\"elementor-widget-container\">\n\t\t\t\t\t\t\t\t\t\t\t\t\t\t\t<img loading=\"lazy\" decoding=\"async\" width=\"429\" height=\"436\" src=\"https:\/\/upledgerinstitute.pl\/wp-content\/uploads\/2024\/09\/janek-min.png\" class=\"attachment-medium_large size-medium_large wp-image-4007\" alt=\"indications cranio-sacral therapy\" srcset=\"https:\/\/upledgerinstitute.pl\/wp-content\/uploads\/2024\/09\/janek-min.png 429w, https:\/\/upledgerinstitute.pl\/wp-content\/uploads\/2024\/09\/janek-min-295x300.png 295w\" sizes=\"(max-width: 429px) 100vw, 429px\" \/>\t\t\t\t\t\t\t\t\t\t\t\t\t\t\t<\/div>\n\t\t\t\t<\/div>\n\t\t\t\t<\/div>\n\t\t<div class=\"elementor-element elementor-element-411a354 e-con-full e-flex e-con e-child\" data-id=\"411a354\" data-element_type=\"container\" data-e-type=\"container\">\n\t\t<div class=\"elementor-element elementor-element-2f0e49e e-con-full e-flex e-con e-child\" data-id=\"2f0e49e\" data-element_type=\"container\" data-e-type=\"container\">\n\t\t\t\t<div class=\"elementor-element elementor-element-dcbf3b8 elementor-hidden-mobile elementor-widget elementor-widget-heading\" data-id=\"dcbf3b8\" data-element_type=\"widget\" data-e-type=\"widget\" data-widget_type=\"heading.default\">\n\t\t\t\t<div class=\"elementor-widget-container\">\n\t\t\t\t\t<h2 class=\"elementor-heading-title elementor-size-default\">CHILDREN'S <span style=\"color:#73A1B6;font-weight: bold\">THERAPY<\/span><\/h2>\t\t\t\t<\/div>\n\t\t\t\t<\/div>\n\t\t\t\t<\/div>\n\t\t\t\t<div class=\"elementor-element elementor-element-575ef8d elementor-widget elementor-widget-text-editor\" data-id=\"575ef8d\" data-element_type=\"widget\" data-e-type=\"widget\" data-widget_type=\"text-editor.default\">\n\t\t\t\t<div class=\"elementor-widget-container\">\n\t\t\t\t\t\t\t\t\t<p>When the patient is a child, the session is significantly shorter, and its course is more dynamic. The position of the young patient often changes minute by minute. The presence of a parent or guardian is a required element of the therapy.<\/p>\t\t\t\t\t\t\t\t<\/div>\n\t\t\t\t<\/div>\n\t\t\t\t<\/div>\n\t\t\t\t\t<\/div>\n\t\t\t\t<\/div>\n\t\t<div class=\"elementor-element elementor-element-d21da39 e-flex e-con-boxed e-con e-parent\" data-id=\"d21da39\" data-element_type=\"container\" data-e-type=\"container\">\n\t\t\t\t\t<div class=\"e-con-inner\">\n\t\t<div class=\"elementor-element elementor-element-f0f7fc7 e-con-full e-flex e-con e-child\" data-id=\"f0f7fc7\" data-element_type=\"container\" data-e-type=\"container\">\n\t\t\t\t<div class=\"elementor-element elementor-element-1231c66 elementor-widget elementor-widget-text-editor\" data-id=\"1231c66\" data-element_type=\"widget\" data-e-type=\"widget\" data-widget_type=\"text-editor.default\">\n\t\t\t\t<div class=\"elementor-widget-container\">\n\t\t\t\t\t\t\t\t\tIndications for therapy for children: posture defects, pelvic imbalance, flat-valgus feet, valgus knees, breathing disorders, bowel movement disorders, colic, torticollis, hydrocephalus, microcephaly, autism spectrum disorders, spasticity, hypotonia, hypertonia, Cerebral Palsy, asymmetries, idiopathic scoliosis in children, anxiety, restlessness, sleep disorders, aphonia, speech disorders, post-traumatic conditions, post-surgical conditions.\t\t\t\t\t\t\t\t<\/div>\n\t\t\t\t<\/div>\n\t\t\t\t<\/div>\n\t\t\t\t\t<\/div>\n\t\t\t\t<\/div>\n\t\t\t\t<\/div>","protected":false},"excerpt":{"rendered":"<p>b\u00f3le i zawroty g\u0142owy migreny dysfunkcje stawu skroniowo-\u017cuchwowego zaburzenia snu tinnitus, szumy uszne bruksizm b\u00f3le w obr\u0119bie twarzy i jamy ustnej leczenie ortodontyczne Wskazania do terapii b\u00f3le kr\u0119gos\u0142upa b\u00f3le ko\u0144czyn cierpni\u0119cia i mrowienia fibromialgia zesp\u00f3\u0142 jelita wra\u017cliwego wzd\u0119cia, zaparcia, inne nadwaga, \u201eopuchni\u0119cia\u201c nerwice zaburzenia koncentracji nadpobudliwo\u015b\u0107 stres, zm\u0119czenie zaburzenia osobowo\u015bci psychozy chroniczne depresja PTSD \u2013 [&hellip;]<\/p>\n","protected":false},"author":3,"featured_media":0,"parent":0,"menu_order":0,"comment_status":"closed","ping_status":"closed","template":"","meta":{"_acf_changed":false,"footnotes":""},"class_list":["post-3995","page","type-page","status-publish","hentry"],"acf":[],"_links":{"self":[{"href":"https:\/\/upledgerinstitute.pl\/en\/wp-json\/wp\/v2\/pages\/3995","targetHints":{"allow":["GET"]}}],"collection":[{"href":"https:\/\/upledgerinstitute.pl\/en\/wp-json\/wp\/v2\/pages"}],"about":[{"href":"https:\/\/upledgerinstitute.pl\/en\/wp-json\/wp\/v2\/types\/page"}],"author":[{"embeddable":true,"href":"https:\/\/upledgerinstitute.pl\/en\/wp-json\/wp\/v2\/users\/3"}],"replies":[{"embeddable":true,"href":"https:\/\/upledgerinstitute.pl\/en\/wp-json\/wp\/v2\/comments?post=3995"}],"version-history":[{"count":90,"href":"https:\/\/upledgerinstitute.pl\/en\/wp-json\/wp\/v2\/pages\/3995\/revisions"}],"predecessor-version":[{"id":8274,"href":"https:\/\/upledgerinstitute.pl\/en\/wp-json\/wp\/v2\/pages\/3995\/revisions\/8274"}],"wp:attachment":[{"href":"https:\/\/upledgerinstitute.pl\/en\/wp-json\/wp\/v2\/media?parent=3995"}],"curies":[{"name":"wp","href":"https:\/\/api.w.org\/{rel}","templated":true}]}}