{"id":5249,"date":"2024-09-27T10:31:23","date_gmt":"2024-09-27T10:31:23","guid":{"rendered":"https:\/\/upledger.cfolks.pl\/?page_id=5249"},"modified":"2025-10-16T06:50:10","modified_gmt":"2025-10-16T06:50:10","slug":"terms-and-conditions-of-training","status":"publish","type":"page","link":"https:\/\/upledgerinstitute.pl\/en\/terms-and-conditions-of-training\/","title":{"rendered":"Training Terms and Regulations"},"content":{"rendered":"<div data-elementor-type=\"wp-page\" data-elementor-id=\"5249\" class=\"elementor elementor-5249\" data-elementor-post-type=\"page\">\n\t\t\t\t<div class=\"elementor-element elementor-element-86d03a8 e-flex e-con-boxed e-con e-parent\" data-id=\"86d03a8\" data-element_type=\"container\" data-e-type=\"container\" data-settings=\"{&quot;background_background&quot;:&quot;gradient&quot;}\">\n\t\t\t\t\t<div class=\"e-con-inner\">\n\t\t<div class=\"elementor-element elementor-element-1cf6aa3 e-con-full e-flex e-con e-child\" data-id=\"1cf6aa3\" data-element_type=\"container\" data-e-type=\"container\">\n\t\t\t\t<div class=\"elementor-element elementor-element-eec4e0e elementor-widget elementor-widget-heading\" data-id=\"eec4e0e\" data-element_type=\"widget\" data-e-type=\"widget\" data-widget_type=\"heading.default\">\n\t\t\t\t<div class=\"elementor-widget-container\">\n\t\t\t\t\t<h1 class=\"elementor-heading-title elementor-size-default\">Terms and Conditions<\/h1>\t\t\t\t<\/div>\n\t\t\t\t<\/div>\n\t\t\t\t<\/div>\n\t\t\t\t\t<\/div>\n\t\t\t\t<\/div>\n\t\t<div class=\"elementor-element elementor-element-0fcabe2 e-flex e-con-boxed e-con e-child\" data-id=\"0fcabe2\" data-element_type=\"container\" data-e-type=\"container\">\n\t\t\t\t\t<div class=\"e-con-inner\">\n\t\t\t\t<div class=\"elementor-element elementor-element-44290e8 elementor-widget elementor-widget-text-editor\" data-id=\"44290e8\" data-element_type=\"widget\" data-e-type=\"widget\" data-widget_type=\"text-editor.default\">\n\t\t\t\t<div class=\"elementor-widget-container\">\n\t\t\t\t\t\t\t\t\t<ol><li>Registration for the training becomes effective by filling in the registration form available at www.upledgerinstitute.pl and submitting the completed form through the above-mentioned website.<\/li><li>To secure a place in the training, a deposit of PLN 1000 must be paid within 14 days from the submission of the registration form. The remaining amount, corresponding to the full price of the training, must be settled no later than 30 days before its start. Due to the limited number of spots, if only one remains, enrolment will be determined by the order in which deposits are paid.<\/li><li>The deadlines for the deposit and payments are binding. Failure to pay the remaining balance 30 days prior to the start of the training results in withdrawal from participation and forfeiture of the deposit.<\/li><li>The organizer's bank account number will be sent in an automatically generated email after the submission of the registration form. If you do not receive this message after sending the form, please contact us.<\/li><li>A participant is added to the training participant list after making the deposit payment to the organizer's account.<\/li><li>A participant has the right to withdraw from the training without the risk of losing the deposit if the withdrawal notice is submitted at least 30 days prior to the planned start date of the course. In such a case, the full deposit amount will be refunded to the participant.<\/li><li>Cancellation should be reported by e-mail to office@upledgerinstitute.pl, and the date of cancellation is the date of sending the message.<\/li><li>During the training, the organizer will provide: a training venue with appropriate equipment, including treatment tables for work, teaching materials, and translation service into Polish for training conducted by English-speaking instructors.\u00a0<\/li><li>The organizer does not provide transportation to the venue, accommodation, or meals.<\/li><li>The organizer reserves the right to cancel the training with a full refund of the paid amount up to 21 days prior to the start of the course.<\/li><li>The organizer reserves the right to change the date of training. If the participant is unable to attend on the new date, a full refund will be provided.<\/li><li>By submitting the registration form, the participant agrees to these terms, financial conditions, and training dates. In cases not covered by this agreement, the provisions of the Civil Code shall apply.<\/li><\/ol>\t\t\t\t\t\t\t\t<\/div>\n\t\t\t\t<\/div>\n\t\t\t\t\t<\/div>\n\t\t\t\t<\/div>\n\t\t\t\t<\/div>","protected":false},"excerpt":{"rendered":"<p>Regulamin Zg\u0142oszenie udzia\u0142u w szkoleniu odbywa si\u0119 na podstawie wype\u0142nienia formularza zg\u0142oszeniowego, dost\u0119pnego na stronie www.upledgerinstitute.pl oraz wys\u0142ania wype\u0142nionego formularza z wy\u017cej wymienionej strony internetowej. Aby zagwarantowa\u0107 sobie miejsce na szkoleniu, nale\u017cy wp\u0142aci\u0107 zaliczk\u0119 w wysoko\u015bci 1000 z\u0142 w ci\u0105gu 14 dni od momentu przes\u0142ania formularza zg\u0142oszeniowego. Pozosta\u0142\u0105 kwot\u0119, odpowiadaj\u0105c\u0105 pe\u0142nej cenie szkolenia, trzeba uregulowa\u0107 [&hellip;]<\/p>\n","protected":false},"author":3,"featured_media":0,"parent":0,"menu_order":0,"comment_status":"closed","ping_status":"open","template":"","meta":{"_acf_changed":false,"footnotes":""},"class_list":["post-5249","page","type-page","status-publish","hentry"],"acf":[],"_links":{"self":[{"href":"https:\/\/upledgerinstitute.pl\/en\/wp-json\/wp\/v2\/pages\/5249","targetHints":{"allow":["GET"]}}],"collection":[{"href":"https:\/\/upledgerinstitute.pl\/en\/wp-json\/wp\/v2\/pages"}],"about":[{"href":"https:\/\/upledgerinstitute.pl\/en\/wp-json\/wp\/v2\/types\/page"}],"author":[{"embeddable":true,"href":"https:\/\/upledgerinstitute.pl\/en\/wp-json\/wp\/v2\/users\/3"}],"replies":[{"embeddable":true,"href":"https:\/\/upledgerinstitute.pl\/en\/wp-json\/wp\/v2\/comments?post=5249"}],"version-history":[{"count":21,"href":"https:\/\/upledgerinstitute.pl\/en\/wp-json\/wp\/v2\/pages\/5249\/revisions"}],"predecessor-version":[{"id":7919,"href":"https:\/\/upledgerinstitute.pl\/en\/wp-json\/wp\/v2\/pages\/5249\/revisions\/7919"}],"wp:attachment":[{"href":"https:\/\/upledgerinstitute.pl\/en\/wp-json\/wp\/v2\/media?parent=5249"}],"curies":[{"name":"wp","href":"https:\/\/api.w.org\/{rel}","templated":true}]}}