{"id":5771,"date":"2024-10-04T23:37:03","date_gmt":"2024-10-04T23:37:03","guid":{"rendered":"https:\/\/upledger.cfolks.pl\/?page_id=5771"},"modified":"2024-10-06T19:44:19","modified_gmt":"2024-10-06T19:44:19","slug":"dziekujemy","status":"publish","type":"page","link":"https:\/\/upledgerinstitute.pl\/en\/dziekujemy\/","title":{"rendered":"Dzi\u0119kujemy"},"content":{"rendered":"<div data-elementor-type=\"wp-page\" data-elementor-id=\"5771\" class=\"elementor elementor-5771\" data-elementor-post-type=\"page\">\n\t\t\t\t<div class=\"elementor-element elementor-element-c955e06 e-flex e-con-boxed e-con e-parent\" data-id=\"c955e06\" data-element_type=\"container\" data-e-type=\"container\">\n\t\t\t\t\t<div class=\"e-con-inner\">\n\t\t\t\t<div class=\"elementor-element elementor-element-eb38f21 elementor-view-default elementor-widget elementor-widget-icon\" data-id=\"eb38f21\" data-element_type=\"widget\" data-e-type=\"widget\" data-widget_type=\"icon.default\">\n\t\t\t\t<div class=\"elementor-widget-container\">\n\t\t\t\t\t\t\t<div class=\"elementor-icon-wrapper\">\n\t\t\t<div class=\"elementor-icon\">\n\t\t\t<i aria-hidden=\"true\" class=\"fas fa-check-circle\"><\/i>\t\t\t<\/div>\n\t\t<\/div>\n\t\t\t\t\t\t<\/div>\n\t\t\t\t<\/div>\n\t\t\t\t<div class=\"elementor-element elementor-element-a47c53a elementor-widget elementor-widget-heading\" data-id=\"a47c53a\" data-element_type=\"widget\" data-e-type=\"widget\" data-widget_type=\"heading.default\">\n\t\t\t\t<div class=\"elementor-widget-container\">\n\t\t\t\t\t<h2 class=\"elementor-heading-title elementor-size-default\">Thank you, <br>\nyour registration has been submitted.<\/h2>\t\t\t\t<\/div>\n\t\t\t\t<\/div>\n\t\t\t\t<div class=\"elementor-element elementor-element-c335048 elementor-widget elementor-widget-image\" data-id=\"c335048\" data-element_type=\"widget\" data-e-type=\"widget\" data-widget_type=\"image.default\">\n\t\t\t\t<div class=\"elementor-widget-container\">\n\t\t\t\t\t\t\t\t\t\t\t\t\t\t\t\t<a href=\"https:\/\/app.easycart.pl\/checkout\/98121657\/nowosc-terapia-craniosacralna-john-e-upledger-jon-d-vredevoogd\" target=\"_blank\" rel=\"noopener\">\n\t\t\t\t\t\t\t<img fetchpriority=\"high\" decoding=\"async\" width=\"640\" height=\"99\" src=\"https:\/\/upledgerinstitute.pl\/wp-content\/uploads\/2024\/10\/Banner-ksiazka.jpg\" class=\"attachment-large size-large wp-image-5776\" alt=\"\" srcset=\"https:\/\/upledgerinstitute.pl\/wp-content\/uploads\/2024\/10\/Banner-ksiazka.jpg 811w, https:\/\/upledgerinstitute.pl\/wp-content\/uploads\/2024\/10\/Banner-ksiazka-300x47.jpg 300w, https:\/\/upledgerinstitute.pl\/wp-content\/uploads\/2024\/10\/Banner-ksiazka-768x119.jpg 768w, https:\/\/upledgerinstitute.pl\/wp-content\/uploads\/2024\/10\/Banner-ksiazka-18x3.jpg 18w\" sizes=\"(max-width: 640px) 100vw, 640px\" \/>\t\t\t\t\t\t\t\t<\/a>\n\t\t\t\t\t\t\t\t\t\t\t\t\t\t\t<\/div>\n\t\t\t\t<\/div>\n\t\t\t\t\t<\/div>\n\t\t\t\t<\/div>\n\t\t\t\t<\/div>","protected":false},"excerpt":{"rendered":"<p>Dzi\u0119kujemy, zg\u0142oszenie zosta\u0142o wys\u0142ane.<\/p>","protected":false},"author":3,"featured_media":0,"parent":0,"menu_order":0,"comment_status":"closed","ping_status":"closed","template":"","meta":{"_acf_changed":false,"footnotes":""},"class_list":["post-5771","page","type-page","status-publish","hentry"],"acf":[],"_links":{"self":[{"href":"https:\/\/upledgerinstitute.pl\/en\/wp-json\/wp\/v2\/pages\/5771","targetHints":{"allow":["GET"]}}],"collection":[{"href":"https:\/\/upledgerinstitute.pl\/en\/wp-json\/wp\/v2\/pages"}],"about":[{"href":"https:\/\/upledgerinstitute.pl\/en\/wp-json\/wp\/v2\/types\/page"}],"author":[{"embeddable":true,"href":"https:\/\/upledgerinstitute.pl\/en\/wp-json\/wp\/v2\/users\/3"}],"replies":[{"embeddable":true,"href":"https:\/\/upledgerinstitute.pl\/en\/wp-json\/wp\/v2\/comments?post=5771"}],"version-history":[{"count":19,"href":"https:\/\/upledgerinstitute.pl\/en\/wp-json\/wp\/v2\/pages\/5771\/revisions"}],"predecessor-version":[{"id":6485,"href":"https:\/\/upledgerinstitute.pl\/en\/wp-json\/wp\/v2\/pages\/5771\/revisions\/6485"}],"wp:attachment":[{"href":"https:\/\/upledgerinstitute.pl\/en\/wp-json\/wp\/v2\/media?parent=5771"}],"curies":[{"name":"wp","href":"https:\/\/api.w.org\/{rel}","templated":true}]}}