{"id":8392,"date":"2026-01-22T08:01:50","date_gmt":"2026-01-22T08:01:50","guid":{"rendered":"https:\/\/upledgerinstitute.pl\/?page_id=8392"},"modified":"2026-01-22T08:05:51","modified_gmt":"2026-01-22T08:05:51","slug":"course-schedule","status":"publish","type":"page","link":"https:\/\/upledgerinstitute.pl\/en\/course-schedule\/","title":{"rendered":"Schedule of courses"},"content":{"rendered":"<div data-elementor-type=\"wp-page\" data-elementor-id=\"8392\" class=\"elementor elementor-8392\" data-elementor-post-type=\"page\">\n\t\t\t\t<div class=\"elementor-element elementor-element-b9444b0 e-flex e-con-boxed e-con e-parent\" data-id=\"b9444b0\" data-element_type=\"container\" data-e-type=\"container\" data-settings=\"{&quot;background_background&quot;:&quot;gradient&quot;,&quot;shape_divider_bottom&quot;:&quot;waves&quot;,&quot;shape_divider_bottom_negative&quot;:&quot;yes&quot;}\">\n\t\t\t\t\t<div class=\"e-con-inner\">\n\t\t\t\t<div class=\"elementor-shape elementor-shape-bottom\" aria-hidden=\"true\" data-negative=\"true\">\n\t\t\t<svg xmlns=\"http:\/\/www.w3.org\/2000\/svg\" viewbox=\"0 0 1000 100\" preserveaspectratio=\"none\">\n\t<path class=\"elementor-shape-fill\" d=\"M790.5,93.1c-59.3-5.3-116.8-18-192.6-50c-29.6-12.7-76.9-31-100.5-35.9c-23.6-4.9-52.6-7.8-75.5-5.3\tc-10.2,1.1-22.6,1.4-50.1,7.4c-27.2,6.3-58.2,16.6-79.4,24.7c-41.3,15.9-94.9,21.9-134,22.6C72,58.2,0,25.8,0,25.8V100h1000V65.3\tc0,0-51.5,19.4-106.2,25.7C839.5,97,814.1,95.2,790.5,93.1z\"\/>\n<\/svg>\t\t<\/div>\n\t\t<div class=\"elementor-element elementor-element-d478b16 e-con-full e-flex e-con e-child\" data-id=\"d478b16\" data-element_type=\"container\" data-e-type=\"container\">\n\t\t\t\t<div class=\"elementor-element elementor-element-baddd5c elementor-widget elementor-widget-heading\" data-id=\"baddd5c\" data-element_type=\"widget\" data-e-type=\"widget\" data-widget_type=\"heading.default\">\n\t\t\t\t<div class=\"elementor-widget-container\">\n\t\t\t\t\t<h1 class=\"elementor-heading-title elementor-size-default\">Schedule of courses<\/h1>\t\t\t\t<\/div>\n\t\t\t\t<\/div>\n\t\t\t\t<div class=\"elementor-element elementor-element-907dedd elementor-widget elementor-widget-heading\" data-id=\"907dedd\" data-element_type=\"widget\" data-e-type=\"widget\" data-widget_type=\"heading.default\">\n\t\t\t\t<div class=\"elementor-widget-container\">\n\t\t\t\t\t<p class=\"elementor-heading-title elementor-size-default\">Below you will find a detailed schedule of courses and trainings<br \/>organized by <strong>Upledger Institute Poland<\/strong><\/p>\t\t\t\t<\/div>\n\t\t\t\t<\/div>\n\t\t\t\t<\/div>\n\t\t<div class=\"elementor-element elementor-element-93bd298 e-con-full e-flex e-con e-child\" data-id=\"93bd298\" data-element_type=\"container\" data-e-type=\"container\" data-settings=\"{&quot;position&quot;:&quot;absolute&quot;}\">\n\t\t\t\t<div class=\"elementor-element elementor-element-2b32804 elementor-widget elementor-widget-image\" data-id=\"2b32804\" data-element_type=\"widget\" data-e-type=\"widget\" data-widget_type=\"image.default\">\n\t\t\t\t<div class=\"elementor-widget-container\">\n\t\t\t\t\t\t\t\t\t\t\t\t\t\t\t<img fetchpriority=\"high\" decoding=\"async\" width=\"387\" height=\"404\" src=\"https:\/\/upledgerinstitute.pl\/wp-content\/uploads\/2024\/10\/Vectosdsdr-1.png\" class=\"attachment-large size-large wp-image-5865\" alt=\"\" srcset=\"https:\/\/upledgerinstitute.pl\/wp-content\/uploads\/2024\/10\/Vectosdsdr-1.png 387w, https:\/\/upledgerinstitute.pl\/wp-content\/uploads\/2024\/10\/Vectosdsdr-1-287x300.png 287w\" sizes=\"(max-width: 387px) 100vw, 387px\" \/>\t\t\t\t\t\t\t\t\t\t\t\t\t\t\t<\/div>\n\t\t\t\t<\/div>\n\t\t\t\t<\/div>\n\t\t\t\t\t<\/div>\n\t\t\t\t<\/div>\n\t\t<div class=\"elementor-element elementor-element-83a82e3 e-flex e-con-boxed e-con e-parent\" data-id=\"83a82e3\" data-element_type=\"container\" data-e-type=\"container\">\n\t\t\t\t\t<div class=\"e-con-inner\">\n\t\t\t\t<div class=\"elementor-element elementor-element-f5832bb elementor-widget elementor-widget-shortcode\" data-id=\"f5832bb\" data-element_type=\"widget\" data-e-type=\"widget\" data-widget_type=\"shortcode.default\">\n\t\t\t\t<div class=\"elementor-widget-container\">\n\t\t\t\t\t\t\t<div class=\"elementor-shortcode\"><div class=\"ui-schedule__tableWrap\"><!-- Harmonogram kurs\u00f3w --><div class=\"ui-schedule__tableWrap\" role=\"region\" aria-label=\"Schedule of courses - scrolling table\"><p>&nbsp;<\/p><table class=\"ui-table\"><thead><tr><th scope=\"col\">Date<\/th><th scope=\"col\">Course<\/th><th scope=\"col\">Module \/ type<\/th><th scope=\"col\">Status<\/th><\/tr><\/thead><tbody><tr class=\"ui-table__year\"><th colspan=\"4\" scope=\"rowgroup\">2026<\/th><\/tr><tr><td data-label=\"Data\">19-22.03<\/td><td data-label=\"Kurs\">CST2<\/td><td data-label=\"Modu\u0142 \/ typ\">Module II<\/td><td data-label=\"Status\"><span class=\"ui-badge ui-badge--closed\">closed group<\/span><\/td><\/tr><tr><td data-label=\"Data\">16-19.04<\/td><td data-label=\"Kurs\">CST1<\/td><td data-label=\"Modu\u0142 \/ typ\">Module I<\/td><td data-label=\"Status\"><span class=\"ui-badge ui-badge--closed\">closed group<\/span><\/td><\/tr><tr><td data-label=\"Data\">11-15.05<\/td><td data-label=\"Kurs\">ADV1<\/td><td data-label=\"Modu\u0142 \/ typ\">Module VI<\/td><td data-label=\"Status\"><span class=\"ui-badge ui-badge--closed\">closed group<\/span><\/td><\/tr><tr><td data-label=\"Data\">21-24.05<\/td><td data-label=\"Kurs\">CSCV<\/td><td data-label=\"Modu\u0142 \/ typ\">Specialized<\/td><td data-label=\"Status\"><span class=\"ui-badge ui-badge--soon\">closed group<\/span><\/td><\/tr><tr><td data-label=\"Data\">06-07.06<\/td><td data-label=\"Kurs\">EGZ<\/td><td data-label=\"Modu\u0142 \/ typ\">Preparation for EGZ<\/td><td data-label=\"Status\"><span class=\"ui-badge ui-badge--open\">recruitment is ongoing<\/span><\/td><\/tr><tr><td data-label=\"Data\">17-20.09<\/td><td data-label=\"Kurs\">CST1<\/td><td data-label=\"Modu\u0142 \/ typ\">Module I<\/td><td data-label=\"Status\"><span class=\"ui-badge ui-badge--closed\">closed group<\/span><\/td><\/tr><tr><td data-label=\"Data\">22-25.10<\/td><td data-label=\"Kurs\">SER1<\/td><td data-label=\"Modu\u0142 \/ typ\">Modu\u0142 III<\/td><td data-label=\"Status\"><span class=\"ui-badge ui-badge--soon\">closed group<\/span><\/td><\/tr><tr><td data-label=\"Data\">12-15.11<\/td><td data-label=\"Kurs\">CTTB2<\/td><td data-label=\"Modu\u0142 \/ typ\">Specialized<\/td><td data-label=\"Status\"><span class=\"ui-badge ui-badge--closed\">closed group<\/span><\/td><\/tr><tr><td data-label=\"Data\">\u00a0<\/td><td data-label=\"Kurs\">\u00a0<\/td><td data-label=\"Modu\u0142 \/ typ\">\u00a0<\/td><td data-label=\"Status\">\u00a0<\/td><\/tr><tr><td data-label=\"Data\">\u00a0<\/td><td data-label=\"Kurs\">\u00a0<\/td><td data-label=\"Modu\u0142 \/ typ\">\u00a0<\/td><td data-label=\"Status\">\u00a0<\/td><\/tr><tr class=\"ui-table__year\"><th colspan=\"4\" scope=\"rowgroup\">2027<\/th><\/tr><tr><td data-label=\"Data\">11-14.03<\/td><td data-label=\"Kurs\">CST2<\/td><td data-label=\"Modu\u0142 \/ typ\">Module II<\/td><td data-label=\"Status\"><span class=\"ui-badge ui-badge--soon\">recruitment is ongoing<\/span><\/td><\/tr><tr><td data-label=\"Data\">15-18.04<\/td><td data-label=\"Kurs\">CST1<\/td><td data-label=\"Modu\u0142 \/ typ\">Module I<\/td><td data-label=\"Status\"><span class=\"ui-badge ui-badge--soon\">recruitment is ongoing<\/span><\/td><\/tr><tr><td data-label=\"Data\">05-06.06<\/td><td data-label=\"Kurs\">EGZ<\/td><td data-label=\"Modu\u0142 \/ typ\">Preparation for EGZ<\/td><td data-label=\"Status\"><span class=\"ui-badge ui-badge--open\">recruitment is ongoing<\/span><\/td><\/tr><tr><td data-label=\"Data\">24-27.06<\/td><td data-label=\"Kurs\">TBS1<\/td><td data-label=\"Modu\u0142 \/ typ\">Specialized<\/td><td data-label=\"Status\"><span class=\"ui-badge ui-badge--soon\">recruitment coming soon<\/span><\/td><\/tr><tr><td data-label=\"Data\">16-19.09<\/td><td data-label=\"Kurs\">CST1<\/td><td data-label=\"Modu\u0142 \/ typ\">Module I<\/td><td data-label=\"Status\"><span class=\"ui-badge ui-badge--closed\">recruitment is ongoing<\/span><\/td><\/tr><tr><td data-label=\"Data\">21\u201324.10<\/td><td data-label=\"Kurs\">SER1<\/td><td data-label=\"Modu\u0142 \/ typ\">Specialized<\/td><td data-label=\"Status\"><span class=\"ui-badge ui-badge--soon\">recruitment is ongoing<\/span><\/td><\/tr><tr><td data-label=\"Data\">02-05.12<\/td><td data-label=\"Kurs\">CTTB1<\/td><td data-label=\"Modu\u0142 \/ typ\">Specialized<\/td><td data-label=\"Status\">recruitment is ongoing<\/td><\/tr><tr><td data-label=\"Data\">\u00a0<\/td><td data-label=\"Kurs\">\u00a0<\/td><td data-label=\"Modu\u0142 \/ typ\">\u00a0<\/td><td data-label=\"Status\">\u00a0<\/td><\/tr><tr><td data-label=\"Data\">\u00a0<\/td><td data-label=\"Kurs\">\u00a0<\/td><td data-label=\"Modu\u0142 \/ typ\">\u00a0<\/td><td data-label=\"Status\">\u00a0<\/td><\/tr><tr><td data-label=\"Data\">\u00a0<\/td><td data-label=\"Kurs\">\u00a0<\/td><td data-label=\"Modu\u0142 \/ typ\">\u00a0<\/td><td data-label=\"Status\">\u00a0<\/td><\/tr><\/tbody><\/table><p>&nbsp;<\/p><\/div><\/div><\/div>\n\t\t\t\t\t\t<\/div>\n\t\t\t\t<\/div>\n\t\t\t\t\t<\/div>\n\t\t\t\t<\/div>\n\t\t\t\t<\/div>","protected":false},"excerpt":{"rendered":"<p>Harmonogram kurs\u00f3w Poni\u017cej odnajdziesz szczeg\u00f3\u0142owy harmonogram kurs\u00f3w i szkole\u0144organizowanych przez Upledger Institute Poland<\/p>","protected":false},"author":4,"featured_media":0,"parent":0,"menu_order":0,"comment_status":"closed","ping_status":"closed","template":"","meta":{"_acf_changed":false,"footnotes":""},"class_list":["post-8392","page","type-page","status-publish","hentry"],"acf":[],"_links":{"self":[{"href":"https:\/\/upledgerinstitute.pl\/en\/wp-json\/wp\/v2\/pages\/8392","targetHints":{"allow":["GET"]}}],"collection":[{"href":"https:\/\/upledgerinstitute.pl\/en\/wp-json\/wp\/v2\/pages"}],"about":[{"href":"https:\/\/upledgerinstitute.pl\/en\/wp-json\/wp\/v2\/types\/page"}],"author":[{"embeddable":true,"href":"https:\/\/upledgerinstitute.pl\/en\/wp-json\/wp\/v2\/users\/4"}],"replies":[{"embeddable":true,"href":"https:\/\/upledgerinstitute.pl\/en\/wp-json\/wp\/v2\/comments?post=8392"}],"version-history":[{"count":7,"href":"https:\/\/upledgerinstitute.pl\/en\/wp-json\/wp\/v2\/pages\/8392\/revisions"}],"predecessor-version":[{"id":8399,"href":"https:\/\/upledgerinstitute.pl\/en\/wp-json\/wp\/v2\/pages\/8392\/revisions\/8399"}],"wp:attachment":[{"href":"https:\/\/upledgerinstitute.pl\/en\/wp-json\/wp\/v2\/media?parent=8392"}],"curies":[{"name":"wp","href":"https:\/\/api.w.org\/{rel}","templated":true}]}}