{"id":971,"date":"2024-08-16T00:29:17","date_gmt":"2024-08-16T00:29:17","guid":{"rendered":"https:\/\/upledger.cfolks.pl\/?page_id=971"},"modified":"2025-11-13T04:54:53","modified_gmt":"2025-11-13T04:54:53","slug":"what-is-craniosacral-therapy","status":"publish","type":"page","link":"https:\/\/upledgerinstitute.pl\/en\/what-is-craniosacral-therapy\/","title":{"rendered":"What is Upledger CranioSacral Therapy?"},"content":{"rendered":"<div data-elementor-type=\"wp-page\" data-elementor-id=\"971\" class=\"elementor elementor-971\" data-elementor-post-type=\"page\">\n\t\t\t\t<div class=\"elementor-element elementor-element-f528343 e-flex e-con-boxed e-con e-parent\" data-id=\"f528343\" data-element_type=\"container\" data-e-type=\"container\">\n\t\t\t\t\t<div class=\"e-con-inner\">\n\t\t<div class=\"elementor-element elementor-element-50dcd73 e-con-full e-flex e-con e-child\" data-id=\"50dcd73\" data-element_type=\"container\" data-e-type=\"container\">\n\t\t\t\t<div class=\"elementor-element elementor-element-5f523f4 elementor-widget elementor-widget-heading\" data-id=\"5f523f4\" data-element_type=\"widget\" data-e-type=\"widget\" data-widget_type=\"heading.default\">\n\t\t\t\t<div class=\"elementor-widget-container\">\n\t\t\t\t\t<h1 class=\"elementor-heading-title elementor-size-default\">What is <br><span style=\"color:#7c95cd;font-weight: 700\">Upledger<\/span> <span style=\"font-weight: 700\">CranioSacral <\/span><\/br>Therapy?<\/h1>\t\t\t\t<\/div>\n\t\t\t\t<\/div>\n\t\t\t\t<\/div>\n\t\t\t\t\t<\/div>\n\t\t\t\t<\/div>\n\t\t<div class=\"elementor-element elementor-element-69456f62 e-flex e-con-boxed e-con e-parent\" data-id=\"69456f62\" data-element_type=\"container\" data-e-type=\"container\">\n\t\t\t\t\t<div class=\"e-con-inner\">\n\t\t<div class=\"elementor-element elementor-element-520a6d3a e-con-full e-flex e-con e-child\" data-id=\"520a6d3a\" data-element_type=\"container\" data-e-type=\"container\">\n\t\t\t\t<div class=\"elementor-element elementor-element-3f8b8d8 elementor-widget elementor-widget-heading\" data-id=\"3f8b8d8\" data-element_type=\"widget\" data-e-type=\"widget\" data-widget_type=\"heading.default\">\n\t\t\t\t<div class=\"elementor-widget-container\">\n\t\t\t\t\t<h2 class=\"elementor-heading-title elementor-size-default\">ONE OF MANUAL <br><span style=\"color:#73A1B6;font-weight: 700\">THERAPY METHODS<\/span><\/h2>\t\t\t\t<\/div>\n\t\t\t\t<\/div>\n\t\t\t\t<\/div>\n\t\t<div class=\"elementor-element elementor-element-2c496c92 e-con-full e-flex e-con e-child\" data-id=\"2c496c92\" data-element_type=\"container\" data-e-type=\"container\">\n\t\t\t\t<div class=\"elementor-element elementor-element-2a101aac e-transform e-transform elementor-widget elementor-widget-image\" data-id=\"2a101aac\" data-element_type=\"widget\" data-e-type=\"widget\" data-settings=\"{&quot;_transform_rotateZ_effect_hover&quot;:{&quot;unit&quot;:&quot;px&quot;,&quot;size&quot;:5,&quot;sizes&quot;:[]},&quot;_transform_scale_effect_hover&quot;:{&quot;unit&quot;:&quot;px&quot;,&quot;size&quot;:1.1,&quot;sizes&quot;:[]},&quot;_transform_rotateZ_effect_hover_laptop&quot;:{&quot;unit&quot;:&quot;deg&quot;,&quot;size&quot;:&quot;&quot;,&quot;sizes&quot;:[]},&quot;_transform_rotateZ_effect_hover_tablet&quot;:{&quot;unit&quot;:&quot;deg&quot;,&quot;size&quot;:&quot;&quot;,&quot;sizes&quot;:[]},&quot;_transform_rotateZ_effect_hover_mobile&quot;:{&quot;unit&quot;:&quot;deg&quot;,&quot;size&quot;:&quot;&quot;,&quot;sizes&quot;:[]},&quot;_transform_scale_effect_hover_laptop&quot;:{&quot;unit&quot;:&quot;px&quot;,&quot;size&quot;:&quot;&quot;,&quot;sizes&quot;:[]},&quot;_transform_scale_effect_hover_tablet&quot;:{&quot;unit&quot;:&quot;px&quot;,&quot;size&quot;:&quot;&quot;,&quot;sizes&quot;:[]},&quot;_transform_scale_effect_hover_mobile&quot;:{&quot;unit&quot;:&quot;px&quot;,&quot;size&quot;:&quot;&quot;,&quot;sizes&quot;:[]}}\" data-widget_type=\"image.default\">\n\t\t\t\t<div class=\"elementor-widget-container\">\n\t\t\t\t\t\t\t\t\t\t\t\t\t\t\t<img fetchpriority=\"high\" decoding=\"async\" width=\"431\" height=\"349\" src=\"https:\/\/upledgerinstitute.pl\/wp-content\/uploads\/2024\/08\/Ellipse-7.png\" class=\"attachment-large size-large wp-image-1604\" alt=\"craniosacral therapy\" srcset=\"https:\/\/upledgerinstitute.pl\/wp-content\/uploads\/2024\/08\/Ellipse-7.png 431w, https:\/\/upledgerinstitute.pl\/wp-content\/uploads\/2024\/08\/Ellipse-7-300x243.png 300w\" sizes=\"(max-width: 431px) 100vw, 431px\" \/>\t\t\t\t\t\t\t\t\t\t\t\t\t\t\t<\/div>\n\t\t\t\t<\/div>\n\t\t\t\t<\/div>\n\t\t\t\t\t<\/div>\n\t\t\t\t<\/div>\n\t\t<div class=\"elementor-element elementor-element-e3f9d4a e-flex e-con-boxed e-con e-parent\" data-id=\"e3f9d4a\" data-element_type=\"container\" data-e-type=\"container\">\n\t\t\t\t\t<div class=\"e-con-inner\">\n\t\t<div class=\"elementor-element elementor-element-b5536fc e-con-full e-flex e-con e-child\" data-id=\"b5536fc\" data-element_type=\"container\" data-e-type=\"container\">\n\t\t\t\t<div class=\"elementor-element elementor-element-72646cc elementor-widget elementor-widget-text-editor\" data-id=\"72646cc\" data-element_type=\"widget\" data-e-type=\"widget\" data-widget_type=\"text-editor.default\">\n\t\t\t\t<div class=\"elementor-widget-container\">\n\t\t\t\t\t\t\t\t\tUpledger CranioSacral Therapy <a style=\"color: #8d8ecf;\" href=\"https:\/\/en.wikipedia.org\/wiki\/Craniosacral_therapy\" target=\"_blank\" rel=\"noopener\">\u3164<\/a>is a type of manual therapy used to treat conditions affecting both the body and the patient's overall well-being. The therapist works in a non-invasive manner, adjusting the pressure to the needs of the patient's body.\t\t\t\t\t\t\t\t<\/div>\n\t\t\t\t<\/div>\n\t\t\t\t<\/div>\n\t\t\t\t\t<\/div>\n\t\t\t\t<\/div>\n\t\t<div class=\"elementor-element elementor-element-373aeb4 e-flex e-con-boxed e-con e-parent\" data-id=\"373aeb4\" data-element_type=\"container\" data-e-type=\"container\">\n\t\t\t\t\t<div class=\"e-con-inner\">\n\t\t<div class=\"elementor-element elementor-element-98b0963 e-con-full e-flex e-con e-child\" data-id=\"98b0963\" data-element_type=\"container\" data-e-type=\"container\">\n\t\t\t\t<div class=\"elementor-element elementor-element-32cab2a e-transform e-transform elementor-widget elementor-widget-image\" data-id=\"32cab2a\" data-element_type=\"widget\" data-e-type=\"widget\" data-settings=\"{&quot;_transform_rotateZ_effect_hover&quot;:{&quot;unit&quot;:&quot;px&quot;,&quot;size&quot;:5,&quot;sizes&quot;:[]},&quot;_transform_scale_effect_hover&quot;:{&quot;unit&quot;:&quot;px&quot;,&quot;size&quot;:1.1,&quot;sizes&quot;:[]},&quot;_transform_rotateZ_effect_hover_laptop&quot;:{&quot;unit&quot;:&quot;deg&quot;,&quot;size&quot;:&quot;&quot;,&quot;sizes&quot;:[]},&quot;_transform_rotateZ_effect_hover_tablet&quot;:{&quot;unit&quot;:&quot;deg&quot;,&quot;size&quot;:&quot;&quot;,&quot;sizes&quot;:[]},&quot;_transform_rotateZ_effect_hover_mobile&quot;:{&quot;unit&quot;:&quot;deg&quot;,&quot;size&quot;:&quot;&quot;,&quot;sizes&quot;:[]},&quot;_transform_scale_effect_hover_laptop&quot;:{&quot;unit&quot;:&quot;px&quot;,&quot;size&quot;:&quot;&quot;,&quot;sizes&quot;:[]},&quot;_transform_scale_effect_hover_tablet&quot;:{&quot;unit&quot;:&quot;px&quot;,&quot;size&quot;:&quot;&quot;,&quot;sizes&quot;:[]},&quot;_transform_scale_effect_hover_mobile&quot;:{&quot;unit&quot;:&quot;px&quot;,&quot;size&quot;:&quot;&quot;,&quot;sizes&quot;:[]}}\" data-widget_type=\"image.default\">\n\t\t\t\t<div class=\"elementor-widget-container\">\n\t\t\t\t\t\t\t\t\t\t\t\t\t\t\t<img decoding=\"async\" width=\"369\" height=\"389\" src=\"https:\/\/upledgerinstitute.pl\/wp-content\/uploads\/2024\/08\/Ellipse-6.png\" class=\"attachment-large size-large wp-image-1605\" alt=\"craniosacral therapy\" srcset=\"https:\/\/upledgerinstitute.pl\/wp-content\/uploads\/2024\/08\/Ellipse-6.png 369w, https:\/\/upledgerinstitute.pl\/wp-content\/uploads\/2024\/08\/Ellipse-6-285x300.png 285w\" sizes=\"(max-width: 369px) 100vw, 369px\" \/>\t\t\t\t\t\t\t\t\t\t\t\t\t\t\t<\/div>\n\t\t\t\t<\/div>\n\t\t\t\t<\/div>\n\t\t<div class=\"elementor-element elementor-element-19b17f9 e-con-full e-flex e-con e-child\" data-id=\"19b17f9\" data-element_type=\"container\" data-e-type=\"container\">\n\t\t\t\t<div class=\"elementor-element elementor-element-b8af8ae elementor-widget elementor-widget-text-editor\" data-id=\"b8af8ae\" data-element_type=\"widget\" data-e-type=\"widget\" data-widget_type=\"text-editor.default\">\n\t\t\t\t<div class=\"elementor-widget-container\">\n\t\t\t\t\t\t\t\t\t<p>Through non-invasive palpation of particular structures, the therapist influences the function of the craniosacral system, and thus the function of the nervous, muscular, fascial, skeletal, endocrine, digestive, respiratory, and lymphatic systems. <a style=\"color: #8d8ecf;\" href=\"https:\/\/upledgerinstitute.pl\/en\/history\/\">Upledger CranioSacral Therapy<\/a> supports and enhances the body's natural self-healing mechanisms, making it suitable for patients of all ages and conditions. The appropriately adjusted techniques allow for therapy to be conducted for both children and the elderly.<\/p>\t\t\t\t\t\t\t\t<\/div>\n\t\t\t\t<\/div>\n\t\t\t\t<\/div>\n\t\t\t\t\t<\/div>\n\t\t\t\t<\/div>\n\t\t<div class=\"elementor-element elementor-element-24cdbc4 e-flex e-con-boxed e-con e-parent\" data-id=\"24cdbc4\" data-element_type=\"container\" data-e-type=\"container\">\n\t\t\t\t\t<div class=\"e-con-inner\">\n\t\t<div class=\"elementor-element elementor-element-202d6c2 e-con-full e-flex e-con e-child\" data-id=\"202d6c2\" data-element_type=\"container\" data-e-type=\"container\" data-settings=\"{&quot;background_background&quot;:&quot;classic&quot;}\">\n\t\t\t\t<div class=\"elementor-element elementor-element-983636e elementor-widget elementor-widget-text-editor\" data-id=\"983636e\" data-element_type=\"widget\" data-e-type=\"widget\" data-widget_type=\"text-editor.default\">\n\t\t\t\t<div class=\"elementor-widget-container\">\n\t\t\t\t\t\t\t\t\t<p><b>The craniosacral system affects the proper development and functioning of the central nervous system.<\/b> It consists of structures that surround, support, and protect the brain and spinal cord. These include, for example, the bones of the skull, the meninges of the brain and spinal cord, and cerebrospinal fluid. These are the structures that the craniosacral therapist works with.<\/p>\t\t\t\t\t\t\t\t<\/div>\n\t\t\t\t<\/div>\n\t\t\t\t<\/div>\n\t\t\t\t\t<\/div>\n\t\t\t\t<\/div>\n\t\t<div class=\"elementor-element elementor-element-0b175d7 e-flex e-con-boxed e-con e-parent\" data-id=\"0b175d7\" data-element_type=\"container\" data-e-type=\"container\">\n\t\t\t\t\t<div class=\"e-con-inner\">\n\t\t<div class=\"elementor-element elementor-element-d339ed7 e-flex e-con-boxed e-con e-child\" data-id=\"d339ed7\" data-element_type=\"container\" data-e-type=\"container\">\n\t\t\t\t\t<div class=\"e-con-inner\">\n\t\t\t\t<div class=\"elementor-element elementor-element-2e8eebb elementor-widget elementor-widget-heading\" data-id=\"2e8eebb\" data-element_type=\"widget\" data-e-type=\"widget\" data-widget_type=\"heading.default\">\n\t\t\t\t<div class=\"elementor-widget-container\">\n\t\t\t\t\t<h2 class=\"elementor-heading-title elementor-size-default\">SomatoEmotional <span style=\"color:#73A1B6;font-weight: 700\">Release\u00ae<\/span><\/h2>\t\t\t\t<\/div>\n\t\t\t\t<\/div>\n\t\t\t\t<div class=\"elementor-element elementor-element-4883d01 elementor-widget elementor-widget-text-editor\" data-id=\"4883d01\" data-element_type=\"widget\" data-e-type=\"widget\" data-widget_type=\"text-editor.default\">\n\t\t\t\t<div class=\"elementor-widget-container\">\n\t\t\t\t\t\t\t\t\t<p>A craniosacral therapist does not limit their work to the patient's body alone but addresses the entire person. Here, we use a unique psychosomatic approach developed by Dr. Upledger, known as SomatoEmotional Release\u00ae. This method is particularly effective for patients for whom bodywork alone is not sufficient. It is applied in cases of trauma, PTSD, challenging life experiences, as well as in the treatment of depression, severe anxiety, or insomnia.<\/p>\t\t\t\t\t\t\t\t<\/div>\n\t\t\t\t<\/div>\n\t\t\t\t\t<\/div>\n\t\t\t\t<\/div>\n\t\t\t\t\t<\/div>\n\t\t\t\t<\/div>\n\t\t<div class=\"elementor-element elementor-element-1fca27b e-flex e-con-boxed e-con e-parent\" data-id=\"1fca27b\" data-element_type=\"container\" data-e-type=\"container\">\n\t\t\t\t\t<div class=\"e-con-inner\">\n\t\t<div class=\"elementor-element elementor-element-3a7c7a3 e-con-full e-flex e-con e-child\" data-id=\"3a7c7a3\" data-element_type=\"container\" data-e-type=\"container\">\n\t\t\t\t<div class=\"elementor-element elementor-element-4d8e28e elementor-widget elementor-widget-heading\" data-id=\"4d8e28e\" data-element_type=\"widget\" data-e-type=\"widget\" data-widget_type=\"heading.default\">\n\t\t\t\t<div class=\"elementor-widget-container\">\n\t\t\t\t\t<h2 class=\"elementor-heading-title elementor-size-default\">THERAPY<br><span style=\"color:#73A1B6;font-weight: 700\">SESSION<\/span><\/h2>\t\t\t\t<\/div>\n\t\t\t\t<\/div>\n\t\t\t\t<\/div>\n\t\t<div class=\"elementor-element elementor-element-3223aa2 e-con-full e-flex e-con e-child\" data-id=\"3223aa2\" data-element_type=\"container\" data-e-type=\"container\">\n\t\t\t\t<div class=\"elementor-element elementor-element-cf6352f elementor-widget elementor-widget-image\" data-id=\"cf6352f\" data-element_type=\"widget\" data-e-type=\"widget\" data-widget_type=\"image.default\">\n\t\t\t\t<div class=\"elementor-widget-container\">\n\t\t\t\t\t\t\t\t\t\t\t\t\t\t\t<img decoding=\"async\" width=\"408\" height=\"403\" src=\"https:\/\/upledgerinstitute.pl\/wp-content\/uploads\/2024\/09\/DSCF0018.png\" class=\"attachment-large size-large wp-image-5156\" alt=\"\" srcset=\"https:\/\/upledgerinstitute.pl\/wp-content\/uploads\/2024\/09\/DSCF0018.png 408w, https:\/\/upledgerinstitute.pl\/wp-content\/uploads\/2024\/09\/DSCF0018-300x296.png 300w\" sizes=\"(max-width: 408px) 100vw, 408px\" \/>\t\t\t\t\t\t\t\t\t\t\t\t\t\t\t<\/div>\n\t\t\t\t<\/div>\n\t\t\t\t<\/div>\n\t\t\t\t\t<\/div>\n\t\t\t\t<\/div>\n\t\t<div class=\"elementor-element elementor-element-61494da e-flex e-con-boxed e-con e-parent\" data-id=\"61494da\" data-element_type=\"container\" data-e-type=\"container\">\n\t\t\t\t\t<div class=\"e-con-inner\">\n\t\t<div class=\"elementor-element elementor-element-0d83315 e-con-full e-flex e-con e-child\" data-id=\"0d83315\" data-element_type=\"container\" data-e-type=\"container\">\n\t\t\t\t<div class=\"elementor-element elementor-element-6f78840 elementor-widget elementor-widget-text-editor\" data-id=\"6f78840\" data-element_type=\"widget\" data-e-type=\"widget\" data-widget_type=\"text-editor.default\">\n\t\t\t\t<div class=\"elementor-widget-container\">\n\t\t\t\t\t\t\t\t\t<p>During a therapy session, the patient usually lies on their back and remains fully clothed throughout the entire session.<br \/><br \/>The therapist conducts a gentle, non-invasive examination of the entire body to assess its condition. The range of techniques used in Upledger CranioSacral Therapy is broad. It may include a subtle contact of one or both of the therapist's hands with the patient's body, precise compression of specific points or traction of cranial bones in the areas of restricted mobility, working with the involuntary movements of the patient's body, directing the energy field, or any combination of these. While many techniques focus on the membranes surrounding the brain and the spinal cord, other parts of the body also influence their function, which is why the therapist assesses the entire body.<\/p>\t\t\t\t\t\t\t\t<\/div>\n\t\t\t\t<\/div>\n\t\t\t\t<\/div>\n\t\t\t\t\t<\/div>\n\t\t\t\t<\/div>\n\t\t<div class=\"elementor-element elementor-element-f1e34f5 e-flex e-con-boxed e-con e-parent\" data-id=\"f1e34f5\" data-element_type=\"container\" data-e-type=\"container\">\n\t\t\t\t\t<div class=\"e-con-inner\">\n\t\t<div class=\"elementor-element elementor-element-b769d9e e-con-full e-flex e-con e-child\" data-id=\"b769d9e\" data-element_type=\"container\" data-e-type=\"container\">\n\t\t\t\t<div class=\"elementor-element elementor-element-bfe14ff e-transform e-transform elementor-widget elementor-widget-image\" data-id=\"bfe14ff\" data-element_type=\"widget\" data-e-type=\"widget\" data-settings=\"{&quot;_transform_rotateZ_effect_hover&quot;:{&quot;unit&quot;:&quot;px&quot;,&quot;size&quot;:5,&quot;sizes&quot;:[]},&quot;_transform_scale_effect_hover&quot;:{&quot;unit&quot;:&quot;px&quot;,&quot;size&quot;:1.1,&quot;sizes&quot;:[]},&quot;_transform_rotateZ_effect_hover_laptop&quot;:{&quot;unit&quot;:&quot;deg&quot;,&quot;size&quot;:&quot;&quot;,&quot;sizes&quot;:[]},&quot;_transform_rotateZ_effect_hover_tablet&quot;:{&quot;unit&quot;:&quot;deg&quot;,&quot;size&quot;:&quot;&quot;,&quot;sizes&quot;:[]},&quot;_transform_rotateZ_effect_hover_mobile&quot;:{&quot;unit&quot;:&quot;deg&quot;,&quot;size&quot;:&quot;&quot;,&quot;sizes&quot;:[]},&quot;_transform_scale_effect_hover_laptop&quot;:{&quot;unit&quot;:&quot;px&quot;,&quot;size&quot;:&quot;&quot;,&quot;sizes&quot;:[]},&quot;_transform_scale_effect_hover_tablet&quot;:{&quot;unit&quot;:&quot;px&quot;,&quot;size&quot;:&quot;&quot;,&quot;sizes&quot;:[]},&quot;_transform_scale_effect_hover_mobile&quot;:{&quot;unit&quot;:&quot;px&quot;,&quot;size&quot;:&quot;&quot;,&quot;sizes&quot;:[]}}\" data-widget_type=\"image.default\">\n\t\t\t\t<div class=\"elementor-widget-container\">\n\t\t\t\t\t\t\t\t\t\t\t\t\t\t\t<img loading=\"lazy\" decoding=\"async\" width=\"437\" height=\"388\" src=\"https:\/\/upledgerinstitute.pl\/wp-content\/uploads\/2024\/09\/2wpoooool-min.png\" class=\"attachment-large size-large wp-image-4084\" alt=\"\" srcset=\"https:\/\/upledgerinstitute.pl\/wp-content\/uploads\/2024\/09\/2wpoooool-min.png 437w, https:\/\/upledgerinstitute.pl\/wp-content\/uploads\/2024\/09\/2wpoooool-min-300x266.png 300w\" sizes=\"(max-width: 437px) 100vw, 437px\" \/>\t\t\t\t\t\t\t\t\t\t\t\t\t\t\t<\/div>\n\t\t\t\t<\/div>\n\t\t\t\t<\/div>\n\t\t<div class=\"elementor-element elementor-element-b48098e e-con-full e-flex e-con e-child\" data-id=\"b48098e\" data-element_type=\"container\" data-e-type=\"container\">\n\t\t\t\t<div class=\"elementor-element elementor-element-2e4c63c elementor-widget elementor-widget-text-editor\" data-id=\"2e4c63c\" data-element_type=\"widget\" data-e-type=\"widget\" data-widget_type=\"text-editor.default\">\n\t\t\t\t<div class=\"elementor-widget-container\">\n\t\t\t\t\t\t\t\t\t<p>In therapy, it is important that the therapist's hands-on work is integrated with the perception of sensations from the patient's skeletal system, although the primary focus is on the soft tissues and fluid flow. The body's health largely depends on proper movement and circulation of fluids, which is why optimizing this flow supports physiological processes and activates self-healing mechanisms.<\/p>\t\t\t\t\t\t\t\t<\/div>\n\t\t\t\t<\/div>\n\t\t\t\t<\/div>\n\t\t\t\t\t<\/div>\n\t\t\t\t<\/div>\n\t\t<div class=\"elementor-element elementor-element-8b72abd e-flex e-con-boxed e-con e-parent\" data-id=\"8b72abd\" data-element_type=\"container\" data-e-type=\"container\">\n\t\t\t\t\t<div class=\"e-con-inner\">\n\t\t<div class=\"elementor-element elementor-element-108e535 e-con-full e-flex e-con e-child\" data-id=\"108e535\" data-element_type=\"container\" data-e-type=\"container\">\n\t\t\t\t<div class=\"elementor-element elementor-element-8334176 elementor-widget elementor-widget-text-editor\" data-id=\"8334176\" data-element_type=\"widget\" data-e-type=\"widget\" data-widget_type=\"text-editor.default\">\n\t\t\t\t<div class=\"elementor-widget-container\">\n\t\t\t\t\t\t\t\t\t<p>The therapist reduces restrictions in the connective tissue, improving its flexibility, suppleness, and hydration, which can be helpful in the treatment of injuries, inflammation, or other pathologies.<\/p>\t\t\t\t\t\t\t\t<\/div>\n\t\t\t\t<\/div>\n\t\t\t\t<\/div>\n\t\t<div class=\"elementor-element elementor-element-13bcc8e e-con-full e-flex e-con e-child\" data-id=\"13bcc8e\" data-element_type=\"container\" data-e-type=\"container\">\n\t\t\t\t<div class=\"elementor-element elementor-element-9f602a0 e-transform e-transform elementor-widget elementor-widget-image\" data-id=\"9f602a0\" data-element_type=\"widget\" data-e-type=\"widget\" data-settings=\"{&quot;_transform_rotateZ_effect_hover&quot;:{&quot;unit&quot;:&quot;px&quot;,&quot;size&quot;:5,&quot;sizes&quot;:[]},&quot;_transform_scale_effect_hover&quot;:{&quot;unit&quot;:&quot;px&quot;,&quot;size&quot;:1.1,&quot;sizes&quot;:[]},&quot;_transform_rotateZ_effect_hover_laptop&quot;:{&quot;unit&quot;:&quot;deg&quot;,&quot;size&quot;:&quot;&quot;,&quot;sizes&quot;:[]},&quot;_transform_rotateZ_effect_hover_tablet&quot;:{&quot;unit&quot;:&quot;deg&quot;,&quot;size&quot;:&quot;&quot;,&quot;sizes&quot;:[]},&quot;_transform_rotateZ_effect_hover_mobile&quot;:{&quot;unit&quot;:&quot;deg&quot;,&quot;size&quot;:&quot;&quot;,&quot;sizes&quot;:[]},&quot;_transform_scale_effect_hover_laptop&quot;:{&quot;unit&quot;:&quot;px&quot;,&quot;size&quot;:&quot;&quot;,&quot;sizes&quot;:[]},&quot;_transform_scale_effect_hover_tablet&quot;:{&quot;unit&quot;:&quot;px&quot;,&quot;size&quot;:&quot;&quot;,&quot;sizes&quot;:[]},&quot;_transform_scale_effect_hover_mobile&quot;:{&quot;unit&quot;:&quot;px&quot;,&quot;size&quot;:&quot;&quot;,&quot;sizes&quot;:[]}}\" data-widget_type=\"image.default\">\n\t\t\t\t<div class=\"elementor-widget-container\">\n\t\t\t\t\t\t\t\t\t\t\t\t\t\t\t<img loading=\"lazy\" decoding=\"async\" width=\"453\" height=\"388\" src=\"https:\/\/upledgerinstitute.pl\/wp-content\/uploads\/2024\/09\/zdj-min-1.png\" class=\"attachment-large size-large wp-image-5160\" alt=\"\" srcset=\"https:\/\/upledgerinstitute.pl\/wp-content\/uploads\/2024\/09\/zdj-min-1.png 453w, https:\/\/upledgerinstitute.pl\/wp-content\/uploads\/2024\/09\/zdj-min-1-300x257.png 300w\" sizes=\"(max-width: 453px) 100vw, 453px\" \/>\t\t\t\t\t\t\t\t\t\t\t\t\t\t\t<\/div>\n\t\t\t\t<\/div>\n\t\t\t\t<\/div>\n\t\t\t\t\t<\/div>\n\t\t\t\t<\/div>\n\t\t<div class=\"elementor-element elementor-element-7e3d9c3 e-flex e-con-boxed e-con e-parent\" data-id=\"7e3d9c3\" data-element_type=\"container\" data-e-type=\"container\">\n\t\t\t\t\t<div class=\"e-con-inner\">\n\t\t<div class=\"elementor-element elementor-element-beb0de1 e-con-full e-flex e-con e-child\" data-id=\"beb0de1\" data-element_type=\"container\" data-e-type=\"container\">\n\t\t\t\t<div class=\"elementor-element elementor-element-354ff41 e-transform e-transform elementor-widget elementor-widget-image\" data-id=\"354ff41\" data-element_type=\"widget\" data-e-type=\"widget\" data-settings=\"{&quot;_transform_rotateZ_effect_hover&quot;:{&quot;unit&quot;:&quot;px&quot;,&quot;size&quot;:5,&quot;sizes&quot;:[]},&quot;_transform_scale_effect_hover&quot;:{&quot;unit&quot;:&quot;px&quot;,&quot;size&quot;:1.1,&quot;sizes&quot;:[]},&quot;_transform_rotateZ_effect_hover_laptop&quot;:{&quot;unit&quot;:&quot;deg&quot;,&quot;size&quot;:&quot;&quot;,&quot;sizes&quot;:[]},&quot;_transform_rotateZ_effect_hover_tablet&quot;:{&quot;unit&quot;:&quot;deg&quot;,&quot;size&quot;:&quot;&quot;,&quot;sizes&quot;:[]},&quot;_transform_rotateZ_effect_hover_mobile&quot;:{&quot;unit&quot;:&quot;deg&quot;,&quot;size&quot;:&quot;&quot;,&quot;sizes&quot;:[]},&quot;_transform_scale_effect_hover_laptop&quot;:{&quot;unit&quot;:&quot;px&quot;,&quot;size&quot;:&quot;&quot;,&quot;sizes&quot;:[]},&quot;_transform_scale_effect_hover_tablet&quot;:{&quot;unit&quot;:&quot;px&quot;,&quot;size&quot;:&quot;&quot;,&quot;sizes&quot;:[]},&quot;_transform_scale_effect_hover_mobile&quot;:{&quot;unit&quot;:&quot;px&quot;,&quot;size&quot;:&quot;&quot;,&quot;sizes&quot;:[]}}\" data-widget_type=\"image.default\">\n\t\t\t\t<div class=\"elementor-widget-container\">\n\t\t\t\t\t\t\t\t\t\t\t\t\t\t\t<img loading=\"lazy\" decoding=\"async\" width=\"433\" height=\"497\" src=\"https:\/\/upledgerinstitute.pl\/wp-content\/uploads\/2024\/09\/4tkankaaaaa-min.png\" class=\"attachment-large size-large wp-image-4086\" alt=\"\" srcset=\"https:\/\/upledgerinstitute.pl\/wp-content\/uploads\/2024\/09\/4tkankaaaaa-min.png 433w, https:\/\/upledgerinstitute.pl\/wp-content\/uploads\/2024\/09\/4tkankaaaaa-min-261x300.png 261w\" sizes=\"(max-width: 433px) 100vw, 433px\" \/>\t\t\t\t\t\t\t\t\t\t\t\t\t\t\t<\/div>\n\t\t\t\t<\/div>\n\t\t\t\t<\/div>\n\t\t<div class=\"elementor-element elementor-element-3485d48 e-con-full e-flex e-con e-child\" data-id=\"3485d48\" data-element_type=\"container\" data-e-type=\"container\">\n\t\t\t\t<div class=\"elementor-element elementor-element-833c499 elementor-widget elementor-widget-text-editor\" data-id=\"833c499\" data-element_type=\"widget\" data-e-type=\"widget\" data-widget_type=\"text-editor.default\">\n\t\t\t\t<div class=\"elementor-widget-container\">\n\t\t\t\t\t\t\t\t\t<p>A CranioSacral Therapy session combines knowledge of anatomy, physiology, and biomechanics with a creative therapeutic approach. The final outcome of the therapy largely depends on the cooperation between the patient and the therapist. The therapist acts as a facilitator\u2014supporting the patient\u2019s natural self-healing abilities, often referred to as the \u201cInner Physician,\u201d using palpation and communication skills. They help the patient activate all possible healing mechanisms within their body so that the patient can achieve an optimal state of health.<\/p>\t\t\t\t\t\t\t\t<\/div>\n\t\t\t\t<\/div>\n\t\t\t\t<\/div>\n\t\t\t\t\t<\/div>\n\t\t\t\t<\/div>\n\t\t\t\t<\/div>","protected":false},"excerpt":{"rendered":"<p>Czym jest Terapia CranioSacralna Upledgera? JEDNA Z METOD TERAPII MANUALNEJ Terapia CranioSacralna Upledgera, w Polsce znana r\u00f3wnie\u017c jako terapia czaszkowo-krzy\u017cowa, jest rodzajem terapii manualnej stosowanej w leczeniu dolegliwo\u015bci dotycz\u0105cych zar\u00f3wno cia\u0142a, jak i og\u00f3lnego stanu pacjenta. Terapeuta pracuje w spos\u00f3b nieinwazyjny, dostosowuj\u0105c si\u0142\u0119 do potrzeb cia\u0142a pacjenta. Poprzez nieinwazyjn\u0105 palpacj\u0119 konkretnych struktur, terapeuta oddzia\u0142uje na [&hellip;]<\/p>\n","protected":false},"author":3,"featured_media":0,"parent":0,"menu_order":0,"comment_status":"closed","ping_status":"closed","template":"","meta":{"_acf_changed":false,"footnotes":""},"class_list":["post-971","page","type-page","status-publish","hentry"],"acf":[],"_links":{"self":[{"href":"https:\/\/upledgerinstitute.pl\/en\/wp-json\/wp\/v2\/pages\/971","targetHints":{"allow":["GET"]}}],"collection":[{"href":"https:\/\/upledgerinstitute.pl\/en\/wp-json\/wp\/v2\/pages"}],"about":[{"href":"https:\/\/upledgerinstitute.pl\/en\/wp-json\/wp\/v2\/types\/page"}],"author":[{"embeddable":true,"href":"https:\/\/upledgerinstitute.pl\/en\/wp-json\/wp\/v2\/users\/3"}],"replies":[{"embeddable":true,"href":"https:\/\/upledgerinstitute.pl\/en\/wp-json\/wp\/v2\/comments?post=971"}],"version-history":[{"count":201,"href":"https:\/\/upledgerinstitute.pl\/en\/wp-json\/wp\/v2\/pages\/971\/revisions"}],"predecessor-version":[{"id":8278,"href":"https:\/\/upledgerinstitute.pl\/en\/wp-json\/wp\/v2\/pages\/971\/revisions\/8278"}],"wp:attachment":[{"href":"https:\/\/upledgerinstitute.pl\/en\/wp-json\/wp\/v2\/media?parent=971"}],"curies":[{"name":"wp","href":"https:\/\/api.w.org\/{rel}","templated":true}]}}